{"id":29843,"date":"2024-04-01T19:23:27","date_gmt":"2024-04-01T17:23:27","guid":{"rendered":"https:\/\/2023.cf-creation.ch\/?page_id=29843"},"modified":"2025-10-22T22:08:53","modified_gmt":"2025-10-22T20:08:53","slug":"politique-de-confidentialite","status":"publish","type":"page","link":"https:\/\/cf-creation.ch\/en\/politique-de-confidentialite\/","title":{"rendered":"Privacy policy"},"content":{"rendered":"<div class=\"fusion-fullwidth fullwidth-box fusion-builder-row-1 fusion-flex-container has-pattern-background has-mask-background nonhundred-percent-fullwidth non-hundred-percent-height-scrolling\" style=\"--awb-border-radius-top-left:0px;--awb-border-radius-top-right:0px;--awb-border-radius-bottom-right:0px;--awb-border-radius-bottom-left:0px;--awb-flex-wrap:wrap;\" ><div class=\"fusion-builder-row fusion-row fusion-flex-align-items-flex-start fusion-flex-content-wrap\" style=\"max-width:1365px;margin-left: calc(-5% \/ 2 );margin-right: calc(-5% \/ 2 );\"><div class=\"fusion-layout-column fusion_builder_column fusion-builder-column-0 fusion_builder_column_1_1 1_1 fusion-flex-column\" style=\"--awb-bg-size:cover;--awb-width-large:100%;--awb-margin-top-large:0px;--awb-spacing-right-large:2.375%;--awb-margin-bottom-large:20px;--awb-spacing-left-large:2.375%;--awb-width-medium:100%;--awb-order-medium:0;--awb-spacing-right-medium:2.375%;--awb-spacing-left-medium:2.375%;--awb-width-small:100%;--awb-order-small:0;--awb-spacing-right-small:2.375%;--awb-spacing-left-small:2.375%;\"><div class=\"fusion-column-wrapper fusion-column-has-shadow fusion-flex-justify-content-flex-start fusion-content-layout-column\"><div class=\"fusion-title title fusion-title-1 fusion-sep-none fusion-title-text fusion-title-size-one\" style=\"--awb-margin-top-small:10px;--awb-margin-right-small:0px;--awb-margin-bottom-small:10px;--awb-margin-left-small:0px;\"><h1 class=\"fusion-title-heading title-heading-left\" style=\"margin:0;\">Privacy policy<\/h1><\/div><div class=\"fusion-separator fusion-full-width-sep\" style=\"align-self: center;margin-left: auto;margin-right: auto;margin-top:50px;width:100%;\"><\/div><div class=\"fusion-text fusion-text-1\"><p>Welcome to the CF-Creation.ch website, owned by Christel Falconnier, a jeweler established in Lausanne. We attach great importance to the protection of your personal data. This privacy policy aims to inform you about how we collect, use, and protect your information when you visit our site.<\/p>\n<p><span style=\"text-decoration: underline;\"><strong>Collection of personal data<\/strong><\/span><\/p>\n<p>When you browse our site, certain personal information may be automatically collected, such as your IP address, web browser, operating system, and the pages you view. We use this information for statistical analysis purposes to improve the experience of our visitors.<\/p>\n<p><span style=\"text-decoration: underline;\"><strong>Cookies and Google tools<\/strong><\/span><\/p>\n<p>We use cookies and tracking tools provided by Google Analytics to collect data on user traffic and browsing habits. This information is anonymous and used solely for statistical purposes. You can configure your browser to refuse all cookies or to alert you when a cookie is sent. Please note that some site features may not function properly if cookies are disabled.<\/p>\n<p><span style=\"text-decoration: underline;\"><strong>Links to other websites<\/strong><\/span><\/p>\n<p>Our site may contain links to other websites that are not managed by us. If you click on a link to a third-party site, please note that we have no control over the content, privacy practices, or policies of these sites. Therefore, we disclaim any responsibility for the protection and confidentiality of information you provide when visiting these sites, which are not governed by this privacy policy. We encourage you to read the privacy policies of these third-party sites before providing any personal information.<\/p>\n<p><span style=\"text-decoration: underline;\"><strong>Consent<\/strong><\/span><\/p>\n<p>En utilisant notre site, vous consentez \u00e0 notre politique de confidentialit\u00e9 et \u00e0 l&rsquo;utilisation de cookies et d&rsquo;outils de suivi conform\u00e9ment \u00e0 cette politique.<\/p>\n<p><strong><span style=\"text-decoration: underline;\">Droits des utilisateurs<\/span><\/strong><\/p>\n<p>In accordance with the General Data Protection Regulation (GDPR), you have the right to access your personal data, rectify it, delete it, and transfer it. To exercise these rights or for any questions regarding our privacy policy, please contact us at the address indicated below.<\/p>\n<p><span style=\"text-decoration: underline;\"><strong>Modifications to the Privacy<\/strong> <strong>Policy<\/strong><\/span><\/p>\n<p>We reserve the right to modify this privacy policy at any time. Changes will be posted on this page and will take effect immediately upon publication.<\/p>\n<p><span style=\"text-decoration: underline;\"><strong>Contact<\/strong><\/span><\/p>\n<p>If you have any questions regarding our privacy policy or how we handle your personal data, please contact us at the following address: <a href=\"mailto:christel@cf-creation.ch\"><em>christel@cf-creation.ch<\/em><\/a>.<\/p>\n<p>Last update: 02.04.2024.<\/p>\n<\/div><\/div><\/div><\/div><\/div>","protected":false},"excerpt":{"rendered":"","protected":false},"author":2,"featured_media":0,"parent":0,"menu_order":0,"comment_status":"closed","ping_status":"closed","template":"","meta":{"footnotes":""},"class_list":["post-29843","page","type-page","status-publish","hentry"],"_links":{"self":[{"href":"https:\/\/cf-creation.ch\/en\/wp-json\/wp\/v2\/pages\/29843","targetHints":{"allow":["GET"]}}],"collection":[{"href":"https:\/\/cf-creation.ch\/en\/wp-json\/wp\/v2\/pages"}],"about":[{"href":"https:\/\/cf-creation.ch\/en\/wp-json\/wp\/v2\/types\/page"}],"author":[{"embeddable":true,"href":"https:\/\/cf-creation.ch\/en\/wp-json\/wp\/v2\/users\/2"}],"replies":[{"embeddable":true,"href":"https:\/\/cf-creation.ch\/en\/wp-json\/wp\/v2\/comments?post=29843"}],"version-history":[{"count":3,"href":"https:\/\/cf-creation.ch\/en\/wp-json\/wp\/v2\/pages\/29843\/revisions"}],"predecessor-version":[{"id":32669,"href":"https:\/\/cf-creation.ch\/en\/wp-json\/wp\/v2\/pages\/29843\/revisions\/32669"}],"wp:attachment":[{"href":"https:\/\/cf-creation.ch\/en\/wp-json\/wp\/v2\/media?parent=29843"}],"curies":[{"name":"wp","href":"https:\/\/api.w.org\/{rel}","templated":true}]}}